{"id":10266,"date":"2024-03-26T17:41:44","date_gmt":"2024-03-26T16:41:44","guid":{"rendered":"http:\/\/www.hansa-flex.at\/september-2023\/"},"modified":"2024-04-04T15:17:39","modified_gmt":"2024-04-04T12:17:39","slug":"september-2023","status":"publish","type":"page","link":"https:\/\/hansa-flex.mx\/en\/news\/archive\/september-2023\/","title":{"rendered":"September 2023"},"content":{"rendered":"\n<p>Die HYDRAULIKPRESSE ist ab sofort als Online Magazin f\u00fcr Sie verf\u00fcgbar. Wir freuen uns Ausgabe #203 im September 2023 pr\u00e4sentieren zu k\u00f6nnen.<\/p>\n","protected":false},"excerpt":{"rendered":"<p>Die HYDRAULIKPRESSE ist ab sofort als Online Magazin f\u00fcr Sie verf\u00fcgbar. Wir freuen uns Ausgabe #203 im September 2023 pr\u00e4sentieren zu k\u00f6nnen.<\/p>\n","protected":false},"author":3,"featured_media":9436,"parent":10487,"menu_order":0,"comment_status":"closed","ping_status":"closed","template":"","meta":{"_acf_changed":false,"footnotes":""},"class_list":["post-10266","page","type-page","status-publish","has-post-thumbnail","hentry"],"acf":[],"_links":{"self":[{"href":"https:\/\/hansa-flex.mx\/en\/wp-json\/wp\/v2\/pages\/10266","targetHints":{"allow":["GET"]}}],"collection":[{"href":"https:\/\/hansa-flex.mx\/en\/wp-json\/wp\/v2\/pages"}],"about":[{"href":"https:\/\/hansa-flex.mx\/en\/wp-json\/wp\/v2\/types\/page"}],"author":[{"embeddable":true,"href":"https:\/\/hansa-flex.mx\/en\/wp-json\/wp\/v2\/users\/3"}],"replies":[{"embeddable":true,"href":"https:\/\/hansa-flex.mx\/en\/wp-json\/wp\/v2\/comments?post=10266"}],"version-history":[{"count":0,"href":"https:\/\/hansa-flex.mx\/en\/wp-json\/wp\/v2\/pages\/10266\/revisions"}],"up":[{"embeddable":true,"href":"https:\/\/hansa-flex.mx\/en\/wp-json\/wp\/v2\/pages\/10487"}],"wp:featuredmedia":[{"embeddable":true,"href":"https:\/\/hansa-flex.mx\/en\/wp-json\/wp\/v2\/media\/9436"}],"wp:attachment":[{"href":"https:\/\/hansa-flex.mx\/en\/wp-json\/wp\/v2\/media?parent=10266"}],"curies":[{"name":"wp","href":"https:\/\/api.w.org\/{rel}","templated":true}]}}